{"id":3278,"date":"2020-07-23T23:15:11","date_gmt":"2020-07-23T23:15:11","guid":{"rendered":"https:\/\/manfred-schwaiger.at\/?page_id=3278"},"modified":"2021-05-20T13:09:59","modified_gmt":"2021-05-20T13:09:59","slug":"kindertheater","status":"publish","type":"page","link":"https:\/\/manfred-schwaiger.at\/index.php\/kindertheater\/","title":{"rendered":"Kindertheater"},"content":{"rendered":"\t\t<div data-elementor-type=\"wp-page\" data-elementor-id=\"3278\" class=\"elementor elementor-3278\">\n\t\t\t\t\t\t<div class=\"elementor-inner\">\n\t\t\t\t<div class=\"elementor-section-wrap\">\n\t\t\t\t\t\t\t\t\t<section class=\"elementor-section elementor-top-section elementor-element elementor-element-f07d7e6 elementor-section-boxed elementor-section-height-default elementor-section-height-default\" data-id=\"f07d7e6\" data-element_type=\"section\">\n\t\t\t\t\t\t<div class=\"elementor-container elementor-column-gap-default\">\n\t\t\t\t\t\t\t<div class=\"elementor-row\">\n\t\t\t\t\t<div class=\"elementor-column elementor-col-100 elementor-top-column elementor-element elementor-element-1b842e5\" data-id=\"1b842e5\" data-element_type=\"column\">\n\t\t\t<div class=\"elementor-column-wrap elementor-element-populated\">\n\t\t\t\t\t\t\t<div class=\"elementor-widget-wrap\">\n\t\t\t\t\t\t<div class=\"elementor-element elementor-element-d506260 elementor-widget elementor-widget-image\" data-id=\"d506260\" data-element_type=\"widget\" data-widget_type=\"image.default\">\n\t\t\t\t<div class=\"elementor-widget-container\">\n\t\t\t\t\t\t\t\t<div class=\"elementor-image\">\n\t\t\t\t\t\t\t\t\t\t\t\t<img width=\"300\" height=\"58\" src=\"https:\/\/manfred-schwaiger.at\/wp-content\/uploads\/2020\/06\/logo-1-300x58.png\" class=\"attachment-medium size-medium\" alt=\"\" loading=\"lazy\" srcset=\"https:\/\/manfred-schwaiger.at\/wp-content\/uploads\/2020\/06\/logo-1-300x58.png 300w, https:\/\/manfred-schwaiger.at\/wp-content\/uploads\/2020\/06\/logo-1.png 600w\" sizes=\"(max-width: 300px) 100vw, 300px\" \/>\t\t\t\t\t\t\t\t\t\t\t\t\t\t<\/div>\n\t\t\t\t\t\t<\/div>\n\t\t\t\t<\/div>\n\t\t\t\t<div class=\"elementor-element elementor-element-754a662 elementor-widget elementor-widget-heading\" data-id=\"754a662\" data-element_type=\"widget\" data-widget_type=\"heading.default\">\n\t\t\t\t<div class=\"elementor-widget-container\">\n\t\t\t<h2 class=\"elementor-heading-title elementor-size-default\"><div style=\"color: #da5252;\"><span style=\"color: rgb(223, 223, 223); font-family: Poppins; font-size: 16px; font-weight: normal;\">(Manis Zauberhaftes Musiktheater f\u00fcr Kinder)<\/span><span style=\"color: rgb(110, 193, 228); font-size: 2rem; caret-color: rgb(255, 255, 255);\"><\/span><\/div><\/h2>\t\t<\/div>\n\t\t\t\t<\/div>\n\t\t\t\t<div class=\"elementor-element elementor-element-0407c55 elementor-widget elementor-widget-text-editor\" data-id=\"0407c55\" data-element_type=\"widget\" data-widget_type=\"text-editor.default\">\n\t\t\t\t<div class=\"elementor-widget-container\">\n\t\t\t\t\t\t\t\t<div class=\"elementor-text-editor elementor-clearfix\">\n\t\t\t\t<p dir=\"ltr\" style=\"text-align: left;\" data-setdir=\"false\">&#8211; unkompliziert<br \/>&#8211; mobil<br \/>&#8211; k\u00fcnstlerisch hochwertig<br \/>&#8211; Spielort nach Wunsch: Aula, Festsaal, Klassenzimmer, Turnsaal, Bewegungsraum<br \/>&#8211; p\u00e4dagogisch wertvoll<br \/>&#8211; Mitmach-M\u00f6glichkeit: Bei allen St\u00fccken und Workshops werden die Kinder zum Mitmachen &amp; Mitsingen animiert!<br \/>&#8211; Ohne Druck, aber mit viel Spa\u00df, Freude und Begeisterung\u200b<\/p>\t\t\t\t\t<\/div>\n\t\t\t\t\t\t<\/div>\n\t\t\t\t<\/div>\n\t\t\t\t\t\t<\/div>\n\t\t\t\t\t<\/div>\n\t\t<\/div>\n\t\t\t\t\t\t\t\t<\/div>\n\t\t\t\t\t<\/div>\n\t\t<\/section>\n\t\t\t\t<section class=\"elementor-section elementor-top-section elementor-element elementor-element-1177bc1 elementor-section-boxed elementor-section-height-default elementor-section-height-default\" data-id=\"1177bc1\" data-element_type=\"section\">\n\t\t\t\t\t\t<div class=\"elementor-container elementor-column-gap-default\">\n\t\t\t\t\t\t\t<div class=\"elementor-row\">\n\t\t\t\t\t<div class=\"elementor-column elementor-col-100 elementor-top-column elementor-element elementor-element-a794a95\" data-id=\"a794a95\" data-element_type=\"column\">\n\t\t\t<div class=\"elementor-column-wrap elementor-element-populated\">\n\t\t\t\t\t\t\t<div class=\"elementor-widget-wrap\">\n\t\t\t\t\t\t<div class=\"elementor-element elementor-element-9c31d69 elementor-widget elementor-widget-text-editor\" data-id=\"9c31d69\" data-element_type=\"widget\" data-widget_type=\"text-editor.default\">\n\t\t\t\t<div class=\"elementor-widget-container\">\n\t\t\t\t\t\t\t\t<div class=\"elementor-text-editor elementor-clearfix\">\n\t\t\t\t<ol>\n<li style=\"color: #da5252;\"><b style=\"color: #da5252;\"> \u201ePapageno auf der Reise zum Regenbogen\u201c<span class=\"Apple-converted-space\">&nbsp;<\/span><\/b> (Soloprogramm) Dauer: ca.50 Min., f\u00fcr Kinderg\u00e4rten und Volksschulen (1.u.2.Klassen)<span class=\"Apple-converted-space\">&nbsp; <\/span>Altersempfehlung:<span class=\"Apple-converted-space\">&nbsp; <\/span>ab 3 Jahren.<span class=\"Apple-converted-space\">&nbsp;<\/span><\/li>\n<\/ol>\n<p><span style=\"color: #ffffff;\">Inhalt: Der Vogelf\u00e4nger Papageno singt sein Auftrittslied, bemerkt dann aber, dass die ber\u00fchmte Oper \u201eDie Zauberfl\u00f6te\u201c gar nicht am Programm steht. Frohgelaunt n\u00fctzt er seinen \u201eFreien Tag\u201c um einen Regenbogen zu finden, da er geh\u00f6rt hat, dass am Ende eines Regenbogens ein Schatz vergraben ist. Mit Hilfe der Kinder findet er tats\u00e4chlich den Schatz, welchen er nat\u00fcrlich mit den Kindern teilt. Der kleine sprechende Esel, Papagenos Freund, fungiert \u00fcbrigens als Oberschiedsrichter und hat sein h\u00f6renswertes Gesangsdeb\u00fct in diesem St\u00fcck.<\/span><\/p>\n<p><span style=\"color: #ffffff;\">Animation\/ Miteinbeziehung Publikum\/P\u00e4dagogischer Mehrwert: Auf spielerische Art und Weise lernen die Kinder ein sch\u00f6nes englisches Kinderlied. \u201eRainbow-Song\u201c (\u201eI can sing a rainbow\u2026\u201c). Neben dem Gesang kommt auch eine leichte Choreographie mit den bunten Papagenot\u00fcchern zum Einsatz. Der ganze Saal wird zu einem lebendigen Regenbogen und am Ende gibt\u2019s f\u00fcr jeden Teilnehmer, jedes Kind tats\u00e4chlich ein St\u00fcck vom Schatz. (Gold-Schokom\u00fcnzen)<span class=\"Apple-converted-space\">&nbsp;<\/span><\/span><\/p>\n<ol start=\"2\">\n<li style=\"color: #da5252;\"><b>\u201ePapageno und Papagena bei den wilden Tieren\u201c<span class=\"Apple-converted-space\">&nbsp;<\/span><\/b> (2 Personen-St\u00fcck) Dauer: ca.50 Minuten, f\u00fcr Kinderg\u00e4rten und Volksschulen (1.-4. Klassen) Altersempfehlung: ab 4 Jahren.<\/li>\n<\/ol>\n<p><span style=\"color: #ffffff;\">Inhalt: Papageno und Papagena planen einen Ausflug zu den wilden Tieren und nehmen die Kinder mit auf die Reise. Dabei lernen sie u.a. eine \u201eRiesenschlange\u201c, eine Affen-Bande und Balu, den steppenden B\u00e4r kennen. Nur Papagenos Freund, der kleine sprechende Esel, sorgt f\u00fcr Verwirrung, da er auch einmal gro\u00df sein m\u00f6chte und noch dazu mit Hilfe des magischen Glockenspiels Papagena in sich verliebt macht. Ob das wohl gut ausgeht? Nur so viel sei verraten: es gibt f\u00fcr alle Beteiligten ein Happy End.<\/span><\/p>\n<p><span style=\"color: #ffffff;\">Lieder zum Mitsingen: Gemeinsam mit Papageno und Papagena lernen die Kinder den Chor \u201eDas klinget so herrlich\u201c aus der \u201eZauberfl\u00f6te\u201c mit einer leichten Tanzchoregraphie.<span class=\"Apple-converted-space\">&nbsp; <\/span>Beim<span class=\"Apple-converted-space\">&nbsp; <\/span>Lied \u201eDie Affen rasen durch den Wald\u201c und auch beim Balu-Lied werden sie auch zum Mitsingen animiert und auch sonst stark in die Handlung mit Fragen und Animationen integriert.<\/span><\/p>\n<ol start=\"3\">\n<li style=\"color: #da5252;\"><b>\u201eIn 60 Minuten um die Welt \u2013 mit Wunderauto Jimmy\u201c<\/b> (3-Pers.-St\u00fcck) Dauer: ca.60 Min.,<\/li>\n<\/ol>\n<p><span style=\"color: #ffffff;\">f\u00fcr Kinderg\u00e4rten und Volksschulen (1.-4.Klassen)<span class=\"Apple-converted-space\">&nbsp; <\/span>Altersempfehlung: ab 4 Jahren.<\/span><\/p>\n<p><span style=\"color: #ffffff;\">Inhalt: Papageno und Papagena m\u00fcssen Onkel Bert aus London bei einer gef\u00e4hrlichen und kniffligen Aufgabe helfen. Onkel Bert hat n\u00e4mlich in seinem Club um sein gesamtes Verm\u00f6gen gewettet, dass das alte Wunderauto Jimmy, das er Papageno geschenkt hat, in 60 Minuten um die ganze Welt fliegen kann (und noch dazu muss auf jedem Kontinent bzw. jedem besuchten Land ein passendes Lied gesungen werden \u2026 diese Aufgabe \u00fcbernehmen Papagena und Papageno sowie die Zuschauer ) Sollte er die Wette verlieren, w\u00e4re auch Jimmy verloren, aber das passiert nat\u00fcrlich nicht, da die Wette mit Hilfe des Publikums auf alle F\u00e4lle gewonnen wird.<span class=\"Apple-converted-space\">&nbsp; <\/span>F\u00fcr viel Spa\u00df und gute Unterhaltung sorgen ein singender Pizzab\u00e4cker und ein Kellner in Italien, ein afrikanischer Stammesh\u00e4uptling, ein h\u00f6flicher asiatischer Karate-Meister und ein h\u00fcpfendes, schlagfertiges australisches K\u00e4nguru.<span class=\"Apple-converted-space\">&nbsp;<\/span><\/span><\/p>\n<p><span style=\"color: #ffffff;\">Animation und Lieder zum Mitsingen: Das wichtigste Lied, das gemeinsam gesungen wird, ist das Jimmy-Lied. Damit bekommt Jimmy Kraft f\u00fcr die Reise. Also Antrieb durch gemeinsamen Gesang statt Benzin, Diesel oder Batterien. Weitere Lieder auf der Reise zum Mitsingen und Mitmachen (teilweise mit leichten Choreographien und Tanz): K\u00e4nguru-Lied in Australien, Lampion-Lied in Asien (japanisches Lied), Hakuna-Matata in Afrika, Miss Waikiki auf Hawai (Amerika) <span class=\"Apple-converted-space\">&nbsp;<\/span><\/span><\/p>\n<ol start=\"4\">\n<li style=\"color: #da5252;\"><b>\u201eDie kleine Zauberfl\u00f6te\u201c<\/b> (frei nach W.A.Mozart \u201e Die Zauberfl\u00f6te\u201c, 3 Darsteller-12 Rollen) Dauer: ca. eine Stunde, f\u00fcr Kinder ab 5 Jahren aber auch f\u00fcr erwachsenes Publikum !<\/li>\n<\/ol>\n<p><span style=\"color: #ffffff;\">Inhalt:<span class=\"Apple-converted-space\">&nbsp; <\/span>Die wohl ber\u00fchmteste Oper von Mozart in einer einst\u00fcndigen Version \u2013 mit den ber\u00fchmtesten Szenen mit ein paar kleinen \u00c4nderungen und Bearbeitungen gegen\u00fcber dem Original. In unserer Fassung gibt es am Ende wirklich ein Happy End f\u00fcr alle Beteiligten, ganz im Sinne des gro\u00dfen Sarastro: \u201eIn diesen heil\u2019gen Hallen kennt man die Rache nicht\u201c. So kommt eben auch die K\u00f6nigin der Nacht mit Monostatos zusammen und nicht so wie im Original in die H\u00f6lle. Monostatos ist bei uns auch kein Mohr sondern ein witziger G\u00e4ngsterrapper, der<span class=\"Apple-converted-space\">&nbsp; <\/span>aber mit seinem Rap-Gesang bei Pamina keinen Erfolg hat (aber daf\u00fcr umso mehr bei der K\u00f6nigin und beim jungen Publikum, das beim Rap voll mitgehen darf). Nicht fehlen d\u00fcrfen bei unserer Fassung die Riesenschlange, Tamino, Papageno, Papagena, das alte Weib, die K\u00f6nigin, Pamina, Monostatos, Sarastro und im 1.Bild die 1.Dame, die die ganze Arbeit (normalerweise sind es ja 3 Damen, aber die 2.Dame ist krank und die 3.Dame hat einen Urlaubstag) allein machen muss. F\u00fcr jede Menge Spa\u00df sorgen auch zwei B\u00fchnenarbeiter, die zwischen dem 1.und 2. Bild f\u00fcr einen ziemlich chaotischen Umbau sorgen.<\/span><\/p>\n<p><span style=\"color: #ffffff;\">Mitmachm\u00f6glichkeit: Das<span class=\"Apple-converted-space\">&nbsp; <\/span>Publikum wird animiert am Ende des St\u00fccks<span class=\"Apple-converted-space\">&nbsp; <\/span>mit einer leichten Choreographie zu Feuer und Wasser mitzumachen! Bei den bekannten fast schon volkst\u00fcmlichen Liedern Papagenos, die in der Vorrede auch kurz angesungen werden,<span class=\"Apple-converted-space\">&nbsp; <\/span>darf auch mitgesungen werden. Sehr sch\u00f6ne Orchesterfassung vom Band, die den Livegesang begleitet.<\/span><\/p>\n<ol start=\"5\">\n<li style=\"color: #da5252;\"><b>\u201eH\u00e4nsel und Gretel\u201c<span class=\"Apple-converted-space\">&nbsp;<\/span><\/b> (frei nach der Oper von Engelbert Humperdinck, Libretto von Adelheid Wette, 4 Darsteller \u2013 H\u00e4nsel, Gretel, Hexe und der Vater=Sandmann)<\/li>\n<\/ol>\n<p>Dauer: ca. 55 Minuten. Altersempfehlung: ab 4 Jahren (eventuell schon auch mutige 3-j\u00e4hrige und nat\u00fcrlich auch f\u00fcr ein erwachsenes Publikum in Vorstellungen f\u00fcr die ganze Familie nicht nur zur Weihnachtszeit)<\/p>\n<p>In unserer Fassung ist fast alles so wie im Original. Wir verzichten aber auf die Mutter, der Vater ist allein mit H\u00e4nsel und Gretel, die daheim mehr (Gretel) oder weniger brav (H\u00e4nsel) mitarbeiten und die ber\u00fchmten Lieder und Duette singen. U.a.\u201cSuse liebe Suse\u201c, \u201eBr\u00fcderlein, komm tanz mit mir\u201c oder sp\u00e4ter im Wald \u201eEin M\u00e4nnlein steht im Walde\u201c\u2026 auch da ist Mitsingen, Mitsummen erlaubt. Am Schluss gibt es zwar nicht wie im Original die vielen geretteten Lebkuchenkinder aber<span class=\"Apple-converted-space\">&nbsp; <\/span>nat\u00fcrlich ein gro\u00dfes Happy End. Und da wir ja Theater spielen, darf auch die Hexe wieder aus ihrem Ofen zum Schlussapplaus auf die B\u00fchne. Die Orchesterfassung wurde \u00fcbrigens von Prof. Christian Pollack und einem Profiorchester eingespielt und ist sehr edel und klangsch\u00f6n!<\/p>\n<p>Wie bei allen St\u00fccken, d\u00fcrfen danach auch noch Fotos mit den K\u00fcnstlern gemacht werden und sollten Fragen auftauchen\u2026 das Ensemble steht, sofern gen\u00fcgend<span class=\"Apple-converted-space\">&nbsp; <\/span>Zeit ist, auch daf\u00fcr zur Verf\u00fcgung.<\/p>\n<ol start=\"6\">\n<li style=\"color: #da5252;\"><b>\u201eEine zauberhafte Weihnachtsstunde\u201c<\/b><span class=\"Apple-converted-space\">&nbsp; <\/span>Dauer: ca.55 Minuten Altersempfehlung : ab 3 Jahren,<span class=\"Apple-converted-space\">&nbsp; <\/span>f\u00fcr Kinderg\u00e4rten und Weihnachtsfeiern aller Art geeignet.<\/li>\n<\/ol>\n<p>Inhalt: Papageno m\u00f6chte mit Hilfe von Geschichten, Ger\u00fcchen, Gew\u00fcrzen und nat\u00fcrlich auch Liedern der besinnlichsten Zeit im Jahr in die richtige Weihnachtsstimmung kommen. Sein Freund, der sprechende und singende Esel, darf dabei nicht fehlen. Dabei kommt nat\u00fcrlich auch der Humor nicht zu kurz. Ein weiteres wichtiges Requisit ist der Zauberbackofen. Alle Kinder werden zum Lebkuchen backen animiert. Die Kunstwerke verwandeln sich dann im Backofen in wohlschmeckende Lebkuchen, die dann auch noch gemeinsam verspeist werden d\u00fcrfen.<\/p>\n<p>Das gemeinsame Singen von den sch\u00f6nsten und bekanntesten Weihnachtsliedern geh\u00f6rt dazu und es d\u00fcrfen auch musikalische W\u00fcnsche ge\u00e4u\u00dfert werden. Das Weihnachtsorchester hat so einiges drauf.<\/p>\n<p style=\"color: #da5252;\">WORKSHOPS mit einer Auff\u00fchrung am letzten Workshoptag:<\/p>\n<p><b>WORKSHOP \u2013 \u201eDie kleine Zauberfl\u00f6te\u201c<\/b> Von einer Teilnehmerzahl von 15 \u2013 120 Kindern ist alles m\u00f6glich. Workshopdauer 3 -5 Tage (mehrere Stunden Proben t\u00e4glich).<span class=\"Apple-converted-space\">&nbsp; <\/span>Die Kinder lernen und spielen die Rollen der Zauberfl\u00f6te. Auch Mehrfachbesetzungen sind m\u00f6glich, sollten z.B. mehrere M\u00e4dchen die beliebte Prinzessinen-Rolle haben wollen. Da kann immer improvisiert werden und statt 3 Damen der K\u00f6nigin hatten wir schon mit gro\u00dfem Erfolg 7 bis 9 Damen der 2 bis 3 K\u00f6niginnen auf der B\u00fchne. F\u00fcr die Massenszenen besteht f\u00fcr viele Kinder die M\u00f6glichkeit entweder als strenge und verzauberte W\u00e4chter oder als Wilde Tiere aufzutreten. Auch B\u00fchnenarbeiter und Erz\u00e4hler k\u00f6nnen besch\u00e4ftigt werden, falls es manche Kinder nicht so sehr auf die B\u00fchne selbst zieht. Strahlende und gl\u00fcckliche Gesichter der Darsteller aber auch des staunenden Publikums nach der Auff\u00fchrung am letzten Workshoptag sind garantiert.<\/p>\n<p>Die Kost\u00fcme, die Requisiten und das B\u00fchnenbild stelle ich aus meinem Fundus. Und die Musikanlage Bose L1 eignet sich hervorragend auch f\u00fcr gro\u00dfe R\u00e4ume. Auch Stadthallen mit sehr gro\u00dfen B\u00fchnen wurden schon ausreichend beschallt!<\/p>\n<p><b>WORKSHOP \u2013 \u201eThema nach Wunsch\u201c<\/b> F\u00fcr Schulfeste oder gr\u00f6\u00dfere Veranstaltungen zu einem bestimmten Thema. Eventuell mit jeder Klasse ein Lied aus einem Musical oder aus einem Land Europas. Auch Sketche und kurze Theaterst\u00fccke sind m\u00f6glich.<\/p>\n<p>Bisherige Projekte in Volksschulen:<\/p>\n<p>\u201eEuropa-Fest \u2013 Lieder aus ganz Europa\u201c<\/p>\n<p>\u201eDie Weltreise mit Wunderauto Jimmy \u2013 Lieder aus der ganzen Welt\u201c<span class=\"Apple-converted-space\">&nbsp;<\/span><\/p>\n<p>\u201eErde, ich besch\u00fctze dich\u201c Lieder und Geschichten zu Klima-, Umwelt- und Tierschutz.<\/p>\n<p><b>Kosten:<\/b> Nach jeweiliger Vereinbarung. Bei den Workshops auch abh\u00e4ngig von der Dauer des Workshops.<\/p>\n<p><span class=\"Apple-converted-space\">&nbsp;<\/span>\u201eKinder brauchen Kunst und Geschichten und Gedichte und Musik genauso viel wie sie Liebe und Essen und frische Luft und spielen brauchen.\u201c Philip Pullman &#8211; Astrid Lindgren Memorial Award<span class=\"Apple-converted-space\">&nbsp;<\/span><\/p>\n<p>Bei allen Projekten und Vorstellungen werden die Kinder mit viel Freude und Begeisterung motiviert und mit wertvollen Schauspiel&amp;Gesangstipps zum Mitmachen motiviert.<\/p>\t\t\t\t\t<\/div>\n\t\t\t\t\t\t<\/div>\n\t\t\t\t<\/div>\n\t\t\t\t\t\t<\/div>\n\t\t\t\t\t<\/div>\n\t\t<\/div>\n\t\t\t\t\t\t\t\t<\/div>\n\t\t\t\t\t<\/div>\n\t\t<\/section>\n\t\t\t\t\t\t\t\t\t<\/div>\n\t\t\t<\/div>\n\t\t\t\t\t<\/div>\n\t\t","protected":false},"excerpt":{"rendered":"<p>(Manis Zauberhaftes Musiktheater f\u00fcr Kinder) &#8211; unkompliziert&#8211; mobil&#8211; k\u00fcnstlerisch hochwertig&#8211; Spielort nach Wunsch: Aula, Festsaal, Klassenzimmer, Turnsaal, Bewegungsraum&#8211; p\u00e4dagogisch wertvoll&#8211; Mitmach-M\u00f6glichkeit: Bei allen St\u00fccken und Workshops werden die Kinder zum Mitmachen &amp; Mitsingen animiert!&#8211; Ohne Druck, aber mit viel Spa\u00df, Freude und Begeisterung\u200b \u201ePapageno auf der Reise zum Regenbogen\u201c&nbsp; (Soloprogramm) Dauer: ca.50 Min., f\u00fcr Kinderg\u00e4rten [&hellip;]<\/p>\n","protected":false},"author":1,"featured_media":0,"parent":0,"menu_order":0,"comment_status":"closed","ping_status":"closed","template":"","meta":[],"_links":{"self":[{"href":"https:\/\/manfred-schwaiger.at\/index.php\/wp-json\/wp\/v2\/pages\/3278"}],"collection":[{"href":"https:\/\/manfred-schwaiger.at\/index.php\/wp-json\/wp\/v2\/pages"}],"about":[{"href":"https:\/\/manfred-schwaiger.at\/index.php\/wp-json\/wp\/v2\/types\/page"}],"author":[{"embeddable":true,"href":"https:\/\/manfred-schwaiger.at\/index.php\/wp-json\/wp\/v2\/users\/1"}],"replies":[{"embeddable":true,"href":"https:\/\/manfred-schwaiger.at\/index.php\/wp-json\/wp\/v2\/comments?post=3278"}],"version-history":[{"count":10,"href":"https:\/\/manfred-schwaiger.at\/index.php\/wp-json\/wp\/v2\/pages\/3278\/revisions"}],"predecessor-version":[{"id":3328,"href":"https:\/\/manfred-schwaiger.at\/index.php\/wp-json\/wp\/v2\/pages\/3278\/revisions\/3328"}],"wp:attachment":[{"href":"https:\/\/manfred-schwaiger.at\/index.php\/wp-json\/wp\/v2\/media?parent=3278"}],"curies":[{"name":"wp","href":"https:\/\/api.w.org\/{rel}","templated":true}]}}